{"id":1178,"date":"2025-03-19T21:35:08","date_gmt":"2025-03-19T21:35:08","guid":{"rendered":"https:\/\/kajakkurserstockholm.se\/?page_id=1178"},"modified":"2025-03-19T21:40:01","modified_gmt":"2025-03-19T21:40:01","slug":"varfor-kajakpaddling","status":"publish","type":"page","link":"https:\/\/kajakkurserstockholm.se\/en\/varfor-kajakpaddling\/","title":{"rendered":"Why kayaking?"},"content":{"rendered":"<div data-elementor-type=\"wp-page\" data-elementor-id=\"1178\" class=\"elementor elementor-1178\">\n\t\t\t\t<div class=\"elementor-element elementor-element-a80da4a e-flex e-con-boxed e-con e-parent\" data-id=\"a80da4a\" data-element_type=\"container\" data-e-type=\"container\">\n\t\t\t\t\t<div class=\"e-con-inner\">\n\t\t\t\t<div class=\"elementor-element elementor-element-6a1194b elementor-widget elementor-widget-text-editor\" data-id=\"6a1194b\" data-element_type=\"widget\" data-e-type=\"widget\" data-widget_type=\"text-editor.default\">\n\t\t\t\t<div class=\"elementor-widget-container\">\n\t\t\t\t\t\t\t\t\t<h3 data-start=\"0\" data-end=\"170\">Why kayaking?<\/h3><p><img fetchpriority=\"high\" decoding=\"async\" class=\"alignnone wp-image-1085 size-full\" src=\"https:\/\/kajakkurserstockholm.se\/wp-content\/uploads\/2022\/04\/20210529_160939.jpg\" alt=\"\" width=\"2016\" height=\"1512\" srcset=\"https:\/\/kajakkurserstockholm.se\/wp-content\/uploads\/2022\/04\/20210529_160939.jpg 2016w, https:\/\/kajakkurserstockholm.se\/wp-content\/uploads\/2022\/04\/20210529_160939-300x225.jpg 300w, https:\/\/kajakkurserstockholm.se\/wp-content\/uploads\/2022\/04\/20210529_160939-1024x768.jpg 1024w, https:\/\/kajakkurserstockholm.se\/wp-content\/uploads\/2022\/04\/20210529_160939-768x576.jpg 768w, https:\/\/kajakkurserstockholm.se\/wp-content\/uploads\/2022\/04\/20210529_160939-1536x1152.jpg 1536w\" sizes=\"(max-width: 2016px) 100vw, 2016px\" \/><\/p><p data-start=\"0\" data-end=\"170\" class=\"translation-block\">Kayaking is an activity that not only offers close contact with nature, but also a range of health benefits that contribute to both physical and mental well-being. Here are some reasons why you should consider taking up kayaking:\u200b<\/p><p data-start=\"172\" data-end=\"202\"><strong data-start=\"172\" data-end=\"202\">1. Improved physical health<\/strong><\/p><p data-start=\"204\" data-end=\"475\" class=\"translation-block\">Kayaking is an excellent form of exercise that engages multiple muscle groups in the body. When you paddle, you primarily work the muscles of your upper body, including your back, shoulders, arms, and chest. In addition, trunk and leg muscles are activated for stabilization and power transfer. This full-body workout contributes to increased muscle strength and endurance. An hour of paddling can burn up to 500 calories, making it an effective activity for weight loss. \u200b<\/p><p data-start=\"477\" data-end=\"515\"><strong data-start=\"477\" data-end=\"515\">2. Improved cardiovascular health<\/strong><\/p><p data-start=\"517\" data-end=\"680\"><span class=\"relative -mx-px my-[-0.2rem] rounded px-px py-[0.2rem]\">Den rytmiska r\u00f6relsen och den kontinuerliga anstr\u00e4ngningen vid paddling h\u00f6jer pulsen, vilket st\u00e4rker hj\u00e4rtat och f\u00f6rb\u00e4ttrar den kardiovaskul\u00e4ra h\u00e4lsan.<\/span> <span class=\"relative -mx-px my-[-0.2rem] rounded px-px py-[0.2rem]\">Regelbunden kajakpaddling kan d\u00e4rmed minska risken f\u00f6r hj\u00e4rt-k\u00e4rlsjukdomar.<\/span> \u200b<\/p><p data-start=\"682\" data-end=\"726\"><strong data-start=\"682\" data-end=\"726\">3. Mental relaxation and stress reduction<\/strong><\/p><p data-start=\"728\" data-end=\"933\"><span class=\"relative -mx-px my-[-0.2rem] rounded px-px py-[0.2rem]\">Att vistas p\u00e5 vattnet har en lugnande effekt p\u00e5 sinnet.<\/span> <span class=\"relative -mx-px my-[-0.2rem] rounded px-px py-[0.2rem]\">Den meditativa rytmen i paddlingen, kombinerat med naturens stillhet, kan minska stressniv\u00e5er och fr\u00e4mja mental klarhet.<\/span> <span class=\"relative -mx-px my-[-0.2rem] rounded px-px py-[0.2rem]\">Denna form av mindfulness kan f\u00f6rb\u00e4ttra ditt allm\u00e4nna v\u00e4lbefinnande.<\/span> \u200b<\/p><p data-start=\"935\" data-end=\"979\"><strong data-start=\"935\" data-end=\"979\">4. Social community and nature experiences<\/strong><\/p><p data-start=\"981\" data-end=\"1146\"><span class=\"relative -mx-px my-[-0.2rem] rounded px-px py-[0.2rem]\">Kajakpaddling kan ut\u00f6vas b\u00e5de individuellt och i grupp.<\/span> <span class=\"relative -mx-px my-[-0.2rem] rounded px-px py-[0.2rem]\">Att paddla med andra erbjuder en m\u00f6jlighet att knyta nya kontakter och dela upplevelser.<\/span> <span class=\"relative -mx-px my-[-0.2rem] rounded px-px py-[0.2rem]\">Dessutom ger kajakpaddling en unik chans att utforska naturen fr\u00e5n vattnet, uppt\u00e4cka g\u00f6mda vikar och komma n\u00e4ra djurlivet p\u00e5 ett s\u00e4tt som f\u00e5 andra aktiviteter kan erbjuda.<\/span>\u200b<\/p><p data-start=\"1148\" data-end=\"1190\"><strong data-start=\"1148\" data-end=\"1190\">5. Accessible and adaptable<\/strong><\/p><p data-start=\"1192\" data-end=\"1397\"><span class=\"relative -mx-px my-[-0.2rem] rounded px-px py-[0.2rem]\">Oavsett om du \u00e4r nyb\u00f6rjare eller erfaren paddlare finns det rutter och vatten f\u00f6r alla niv\u00e5er.<\/span> <span class=\"relative -mx-px my-[-0.2rem] rounded px-px py-[0.2rem]\">M\u00e5nga platser erbjuder uthyrning av kajaker och introduktionskurser, vilket g\u00f6r det enkelt att komma ig\u00e5ng.<\/span> <span class=\"relative -mx-px my-[-0.2rem] rounded px-px py-[0.2rem]\">Dessutom \u00e4r kajakpaddling en skonsam tr\u00e4ningsform som passar personer i alla \u00e5ldrar.<\/span> \u200b<\/p><p data-start=\"1399\" data-end=\"1524\"><span class=\"relative -mx-px my-[-0.2rem] rounded px-px py-[0.2rem]\">Sammanfattningsvis \u00e4r kajakpaddling en m\u00e5ngsidig aktivitet som kombinerar fysisk tr\u00e4ning med mental avkoppling och naturupplevelser.<\/span> <span class=\"relative -mx-px my-[-0.2rem] rounded px-px py-[0.2rem]\">Det \u00e4r en investering i b\u00e5de kropp och sj\u00e4l som kan ge l\u00e5ngvariga h\u00e4lsof\u00f6rdelar och minnesv\u00e4rda stunder p\u00e5 vattnet.<\/span>\u200b<\/p>\t\t\t\t\t\t\t\t<\/div>\n\t\t\t\t<\/div>\n\t\t\t\t\t<\/div>\n\t\t\t\t<\/div>\n\t\t\t\t<\/div>","protected":false},"excerpt":{"rendered":"<p>Varf\u00f6r kajakpaddling? Att paddla kajak \u00e4r en aktivitet som inte bara erbjuder en n\u00e4ra kontakt med naturen, utan ocks\u00e5 en [&hellip;]<\/p>","protected":false},"author":1,"featured_media":0,"parent":0,"menu_order":0,"comment_status":"closed","ping_status":"closed","template":"","meta":{"site-sidebar-layout":"no-sidebar","site-content-layout":"","ast-site-content-layout":"full-width-container","site-content-style":"default","site-sidebar-style":"default","ast-global-header-display":"","ast-banner-title-visibility":"","ast-main-header-display":"","ast-hfb-above-header-display":"","ast-hfb-below-header-display":"","ast-hfb-mobile-header-display":"","site-post-title":"disabled","ast-breadcrumbs-content":"","ast-featured-img":"disabled","footer-sml-layout":"","ast-disable-related-posts":"","theme-transparent-header-meta":"","adv-header-id-meta":"","stick-header-meta":"","header-above-stick-meta":"","header-main-stick-meta":"","header-below-stick-meta":"","astra-migrate-meta-layouts":"default","ast-page-background-enabled":"default","ast-page-background-meta":{"desktop":{"background-color":"var(--ast-global-color-5)","background-image":"","background-repeat":"repeat","background-position":"center center","background-size":"auto","background-attachment":"scroll","background-type":"","background-media":"","overlay-type":"","overlay-color":"","overlay-opacity":"","overlay-gradient":""},"tablet":{"background-color":"","background-image":"","background-repeat":"repeat","background-position":"center center","background-size":"auto","background-attachment":"scroll","background-type":"","background-media":"","overlay-type":"","overlay-color":"","overlay-opacity":"","overlay-gradient":""},"mobile":{"background-color":"","background-image":"","background-repeat":"repeat","background-position":"center center","background-size":"auto","background-attachment":"scroll","background-type":"","background-media":"","overlay-type":"","overlay-color":"","overlay-opacity":"","overlay-gradient":""}},"ast-content-background-meta":{"desktop":{"background-color":"var(--ast-global-color-4)","background-image":"","background-repeat":"repeat","background-position":"center center","background-size":"auto","background-attachment":"scroll","background-type":"","background-media":"","overlay-type":"","overlay-color":"","overlay-opacity":"","overlay-gradient":""},"tablet":{"background-color":"var(--ast-global-color-4)","background-image":"","background-repeat":"repeat","background-position":"center center","background-size":"auto","background-attachment":"scroll","background-type":"","background-media":"","overlay-type":"","overlay-color":"","overlay-opacity":"","overlay-gradient":""},"mobile":{"background-color":"var(--ast-global-color-4)","background-image":"","background-repeat":"repeat","background-position":"center center","background-size":"auto","background-attachment":"scroll","background-type":"","background-media":"","overlay-type":"","overlay-color":"","overlay-opacity":"","overlay-gradient":""}},"footnotes":""},"class_list":["post-1178","page","type-page","status-publish","hentry"],"_links":{"self":[{"href":"https:\/\/kajakkurserstockholm.se\/en\/wp-json\/wp\/v2\/pages\/1178","targetHints":{"allow":["GET"]}}],"collection":[{"href":"https:\/\/kajakkurserstockholm.se\/en\/wp-json\/wp\/v2\/pages"}],"about":[{"href":"https:\/\/kajakkurserstockholm.se\/en\/wp-json\/wp\/v2\/types\/page"}],"author":[{"embeddable":true,"href":"https:\/\/kajakkurserstockholm.se\/en\/wp-json\/wp\/v2\/users\/1"}],"replies":[{"embeddable":true,"href":"https:\/\/kajakkurserstockholm.se\/en\/wp-json\/wp\/v2\/comments?post=1178"}],"version-history":[{"count":7,"href":"https:\/\/kajakkurserstockholm.se\/en\/wp-json\/wp\/v2\/pages\/1178\/revisions"}],"predecessor-version":[{"id":1186,"href":"https:\/\/kajakkurserstockholm.se\/en\/wp-json\/wp\/v2\/pages\/1178\/revisions\/1186"}],"wp:attachment":[{"href":"https:\/\/kajakkurserstockholm.se\/en\/wp-json\/wp\/v2\/media?parent=1178"}],"curies":[{"name":"wp","href":"https:\/\/api.w.org\/{rel}","templated":true}]}}