{"id":40,"date":"2021-04-21T21:26:28","date_gmt":"2021-04-21T19:26:28","guid":{"rendered":"https:\/\/kajak.vanntech.se\/?page_id=40"},"modified":"2021-04-21T21:26:28","modified_gmt":"2021-04-21T19:26:28","slug":"allmanna-villkor","status":"publish","type":"page","link":"https:\/\/kajakkurserstockholm.se\/sv\/allmanna-villkor\/","title":{"rendered":"BOKNINGSVILLKOR"},"content":{"rendered":"\n<h3 class=\"wp-block-heading\">F\u00f6retagsinformation<\/h3>\n\n\n\n<p>Kajakkurser Stockholm (kajakkurserstockholm.se) tillhandah\u00e5lls av Vanntech AB (org. nr. 559297-9172). Den information och de bilder som finns p\u00e5 hemsidan \u00e4gs av f\u00f6retaget eller partners och f\u00e5r inte kopieras utan till\u00e5telse.<\/p>\n\n\n\n<p>Vanntech AB<br>Tallkrogsv\u00e4gen 91 lgh1205<br>122 60 Enskede<br><a href=\"mailto:kajak@vanntech.se\">kajak@vanntech.se<\/a><br>Tel: 070-916 34 31 <\/p>\n\n\n\n<h3 class=\"wp-block-heading\">Medicinsk information och s\u00e4rskilda krav<\/h3>\n\n\n\n<p>Det \u00e4r ditt ansvar att bed\u00f6ma om den aktivitet du bokat passar dig och att s\u00f6ka n\u00f6dv\u00e4ndig medicinsk r\u00e5dgivning och f\u00e5 n\u00f6dv\u00e4ndiga vaccinationer. Vi tillhandah\u00e5ller inte medicinsk r\u00e5dgivning. S\u00e4rskilda \u00f6nskem\u00e5l  b\u00f6r l\u00e4mnas vid bokningstillf\u00e4llet och vi kommer att g\u00f6ra v\u00e5rt b\u00e4sta f\u00f6r att tillgodose dessa. Dessa speciella f\u00f6rfr\u00e5gningar och krav utg\u00f6r emellertid inte en del av villkoren i detta avtal, och vi ansvarar d\u00e4rf\u00f6r inte f\u00f6r underl\u00e5tenhet att tillgodose eller uppfylla s\u00e5dana f\u00f6rfr\u00e5gningar.<\/p>\n\n\n\n<p><strong>Du \u00e4r medveten om att aktiviteten \u00e4r \u00e4ventyrlig och att deltagande inneb\u00e4r en viss personlig risk.<\/strong><\/p>\n\n\n\n<h3 class=\"wp-block-heading\">\u00c5lderskrav<\/h3>\n\n\n\n<p>L\u00e4gsta \u00e5lder f\u00f6r att delta \u00e4r 15 \u00e5r. Alla under 18 \u00e5r p\u00e5 aktivitetsdagen anses vara minder\u00e5riga. Minder\u00e5riga m\u00e5ste alltid ha s\u00e4llskap av en vuxen. En vuxen f\u00e5r ha s\u00e4llskap med upp till tre minder\u00e5riga.<\/p>\n\n\n\n<h3 class=\"wp-block-heading\">Bokning<\/h3>\n\n\n\n<p>Bokning \u00e4r bindande och g\u00f6rs p\u00e5 webplatsen <a href=\"http:\/\/Kajakkurserstockholm.se\" target=\"_blank\" rel=\"noreferrer noopener\" title=\"Kajakkurserstockholm.se\">Kajakkurserstockholm.se<\/a> eller via e-post till <a href=\"mailto:kajak@vanntech.se\">kajak@vanntech.se<\/a>. Du m\u00e5ste l\u00e4mna all n\u00f6dv\u00e4ndig information som vi beg\u00e4r vid bokningstillf\u00e4llet, oavsett om du bokar till dig sj\u00e4lv eller f\u00f6r andra. Om du bokar p\u00e5 n\u00e5gon annans v\u00e4gnar \u00e4r det ditt ansvar att se till att all viktig information skickas till alla deltagare.<\/p>\n\n\n\n<p>En bokningsbekr\u00e4ftelse kommer automatisk att skickas till dig n\u00e4r bokningen \u00e4r klar. Om du inte f\u00e5r ett e-postmeddelande inom tv\u00e5 timmer efter bokningen \u00e4r det ditt ansvar att kontakta oss f\u00f6r att se till att inga problem har intr\u00e4ffat under bokningsprocessen (kontrollera \u00e4ven mailklientens skr\u00e4ppostfilter). Vid bokning, oavsett i vilken form den sker, godk\u00e4nner deltagaren bokningsvillkoren samt integritetsvillkoren.<\/p>\n\n\n\n<h3 class=\"wp-block-heading\">Betalning<\/h3>\n\n\n\n<p>Alla priser \u00e4r i svenska kronor inklusive moms och bokningsavgift. Betalning sker antingen vid bokningstillf\u00e4llet eller mot faktura. Vid f\u00f6rsenad betalning av faktura tas en p\u00e5minnelseavgift ut om 40kr.<\/p>\n\n\n\n<h3 class=\"wp-block-heading\">Faktura med Payson<\/h3>\n\n\n\n<p>Vi erbjuder betals\u00e4ttet \u201dfaktura\u201d i samarbete med Payson AB.<br>Betalningsvillkor \u00e4r som standard 14 dagar och vid fakturak\u00f6p tillkommer en avgift om 0 kr. F\u00f6r att kunna best\u00e4lla mot faktura m\u00e5ste Du ha fyllt 18 \u00e5r och vara folkbokf\u00f6rd i Sverige samt godk\u00e4nnas i den kreditpr\u00f6vning som genomf\u00f6rs vid k\u00f6pet. Alternativt representera ett F\u00f6retag registrerat i Sverige samt godk\u00e4nnas i den kreditpr\u00f6vning som genomf\u00f6rs vid k\u00f6pet. Fakturan kommer att s\u00e4ndas separat med e-post till den e-postadress du anger vid k\u00f6ptillf\u00e4llet. Vid f\u00f6rsenad betalning skickas betalningsp\u00e5minnelse varvid lagstadgad p\u00e5minnelseavgift om f\u00f6r n\u00e4rvarande 60 kr tillkommer. Vi debiterar \u00e4ven dr\u00f6jsm\u00e5lsr\u00e4nta med 2 % per m\u00e5nad fr\u00e5n fakturans f\u00f6rfallodag. Vid utebliven betalning l\u00e4mnas \u00e4rendet till inkasso varvid lagstadgad inkassoavgift om f\u00f6r n\u00e4rvarande 180 kr tillkommer. Payson f\u00f6rbeh\u00e5ller sig r\u00e4tten att i enskilt fall neka leverans och ompr\u00f6va best\u00e4llarens kreditv\u00e4rdighet. Mer information och fullst\u00e4ndiga villkor finns h\u00e4r:<br><a href=\"https:\/\/www.payson.se\/sv\/anvandarvillkor\/\" target=\"_blank\" rel=\"noreferrer noopener\">https:\/\/www.payson.se\/sv\/anvandarvillkor\/<\/a><\/p>\n\n\n\n<h3 class=\"wp-block-heading\">Information om \u00e5ngerr\u00e4tt<\/h3>\n\n\n\n<p>Enligt Distans- och hemf\u00f6rs\u00e4ljningslagen \u00e4r \u00e5ngerr\u00e4tten ej till\u00e4mplig f\u00f6r fritidsaktiviteter som tillhandah\u00e5lls p\u00e5 en best\u00e4md dag (11\u00a7 punkt 12). Kajakkurser Stockholm erbjuder \u00e4nd\u00e5 kunden r\u00e4tten att avboka eller att \u00e4ndra en bokning, enligt villkoren nedan.<\/p>\n\n\n\n<h3 class=\"wp-block-heading\">Information om pants\u00e4ttning<\/h3>\n\n\n\n<p>Vid betalning mot faktura kommer fakturan att pants\u00e4ttas till Payson och d\u00e4refter till Svea Bank AB, 556158-7634.<\/p>\n\n\n\n<h3 class=\"wp-block-heading\">Presentkort<\/h3>\n\n\n\n<p>Presentkort g\u00e4ller i tv\u00e5 (2) \u00e5r fr\u00e5n utf\u00e4rdandedatum. Det g\u00e5r inte att returnera ett presentkort. Om mottagaren inte vill g\u00e5 kursen kortet \u00e4r utf\u00e4rdat till, kan kortet anv\u00e4ndas som betalmedel f\u00f6r en annan kurs. Om den andra kursen har ett l\u00e4gre v\u00e4rde \u00e4n den f\u00f6rsta, betalas ingen mellanskillnad tillbaka. Om den andra kursen har ett h\u00f6gre v\u00e4rde \u00e4n den f\u00f6rsta s\u00e5 m\u00e5ste deltagaren betala mellanskillnaden. <\/p>\n\n\n\n<h3 class=\"wp-block-heading\">R\u00e4tt att avboka<\/h3>\n\n\n\n<p>Deltagaren har r\u00e4tt att avbest\u00e4lla bokningen enligt f\u00f6ljande.<\/p>\n\n\n\n<ul class=\"wp-block-list\"><li>Avbokningar tidigare \u00e4n 14 dagar innan \u00e5terbetalas helt med avdrag f\u00f6r administrationsavgift om 150kr.<\/li><li>Avbokningar 14 &#8211; 5 dagar innan \u00e5terbetalas med 50%.<\/li><li>Avbokningar senare \u00e4n 5 dagar innan \u00e5terbetalas ej.<\/li><\/ul>\n\n\n\n<p>Avbokningar kommer endast att g\u00e4lla n\u00e4r vi har f\u00e5tt en e-postbekr\u00e4ftelse p\u00e5 avbokningen fr\u00e5n dig, huvudnamnet p\u00e5 bokningen \/ betalningsmottagaren. Efter avbokningen \u00e5terbetalas det beloppet som vi \u00e4r skyldiga till dig utan dr\u00f6jsm\u00e5l och inom 14 dagar efter avbokningen. \u00c5terbetalningar kommer att behandlas p\u00e5 samma s\u00e4tt som betalningen har gjorts.<\/p>\n\n\n\n<h3 class=\"wp-block-heading\">R\u00e4tt att \u00e4ndra bokningen<\/h3>\n\n\n\n<p>Deltagaren har r\u00e4tt att \u00e4ndra bokningen fram till 5 dagar innan kursdatum mot en administrationsavgift om 150kr. Vid \u00e4ndring till en kurs med l\u00e4gre avgift \u00e5terbetalas ej mellanskillnaden. Avbokningsvillkoren g\u00e4ller i f\u00f6rh\u00e5llande till datumet f\u00f6r den ursprungligt bokade kursen om \u00e4ndringen g\u00f6rs till ett senare datum. \u00c4ndring av deltagares personuppgifter g\u00f6rs utan avgift, genom e-mail senast kl 18:00 dagen innan kurstillf\u00e4llet.<\/p>\n\n\n\n<h3 class=\"wp-block-heading\">Inst\u00e4lld kurs<\/h3>\n\n\n\n<p>Om en kurs st\u00e4lls in pga. v\u00e4derleken, f\u00f6r liten kursgrupp, sjukdom eller annan anledning ges deltagaren r\u00e4tt att utan kostnad boka om till ett senare datum. Vid beg\u00e4ran fr\u00e5n deltagare \u00e5terbetalas ist\u00e4llet hela beloppet f\u00f6r kursavgiften. Kajakkurserstockholm.se friskrivs f\u00f6r ansvar f\u00f6r kostnader som detta kan medf\u00f6ra f\u00f6r deltagaren s\u00e5som ombokningar av transport till och fr\u00e5n kurs.<\/p>\n\n\n\n<h3 class=\"wp-block-heading\">Tvister<\/h3>\n\n\n\n<p>Alla parter b\u00f6r f\u00f6rs\u00f6ka l\u00f6sa tvister som r\u00f6r tolkningen eller till\u00e4mpningen av avtalet genom f\u00f6rhandlingar. Om parterna inte kan komma \u00f6verens, kan tvisten granskas genom svensk lag, landsstyrelsen f\u00f6r konsumentklagom\u00e5l eller av en vanlig domstol.<\/p>\n","protected":false},"excerpt":{"rendered":"<p>F\u00f6retagsinformation Kajakkurser Stockholm (kajakkurserstockholm.se) tillhandah\u00e5lls av Vanntech AB (org. nr. 559297-9172). Den information och de bilder som finns p\u00e5 hemsidan [&hellip;]<\/p>\n","protected":false},"author":1,"featured_media":0,"parent":0,"menu_order":0,"comment_status":"closed","ping_status":"closed","template":"","meta":{"site-sidebar-layout":"default","site-content-layout":"default","ast-site-content-layout":"default","site-content-style":"default","site-sidebar-style":"default","ast-global-header-display":"","ast-banner-title-visibility":"","ast-main-header-display":"","ast-hfb-above-header-display":"","ast-hfb-below-header-display":"","ast-hfb-mobile-header-display":"","site-post-title":"","ast-breadcrumbs-content":"","ast-featured-img":"","footer-sml-layout":"","ast-disable-related-posts":"","theme-transparent-header-meta":"default","adv-header-id-meta":"","stick-header-meta":"","header-above-stick-meta":"","header-main-stick-meta":"","header-below-stick-meta":"","astra-migrate-meta-layouts":"default","ast-page-background-enabled":"default","ast-page-background-meta":{"desktop":{"background-color":"var(--ast-global-color-5)","background-image":"","background-repeat":"repeat","background-position":"center center","background-size":"auto","background-attachment":"scroll","background-type":"","background-media":"","overlay-type":"","overlay-color":"","overlay-opacity":"","overlay-gradient":""},"tablet":{"background-color":"","background-image":"","background-repeat":"repeat","background-position":"center center","background-size":"auto","background-attachment":"scroll","background-type":"","background-media":"","overlay-type":"","overlay-color":"","overlay-opacity":"","overlay-gradient":""},"mobile":{"background-color":"","background-image":"","background-repeat":"repeat","background-position":"center center","background-size":"auto","background-attachment":"scroll","background-type":"","background-media":"","overlay-type":"","overlay-color":"","overlay-opacity":"","overlay-gradient":""}},"ast-content-background-meta":{"desktop":{"background-color":"var(--ast-global-color-4)","background-image":"","background-repeat":"repeat","background-position":"center center","background-size":"auto","background-attachment":"scroll","background-type":"","background-media":"","overlay-type":"","overlay-color":"","overlay-opacity":"","overlay-gradient":""},"tablet":{"background-color":"var(--ast-global-color-4)","background-image":"","background-repeat":"repeat","background-position":"center center","background-size":"auto","background-attachment":"scroll","background-type":"","background-media":"","overlay-type":"","overlay-color":"","overlay-opacity":"","overlay-gradient":""},"mobile":{"background-color":"var(--ast-global-color-4)","background-image":"","background-repeat":"repeat","background-position":"center center","background-size":"auto","background-attachment":"scroll","background-type":"","background-media":"","overlay-type":"","overlay-color":"","overlay-opacity":"","overlay-gradient":""}},"footnotes":""},"class_list":["post-40","page","type-page","status-publish","hentry"],"_links":{"self":[{"href":"https:\/\/kajakkurserstockholm.se\/sv\/wp-json\/wp\/v2\/pages\/40","targetHints":{"allow":["GET"]}}],"collection":[{"href":"https:\/\/kajakkurserstockholm.se\/sv\/wp-json\/wp\/v2\/pages"}],"about":[{"href":"https:\/\/kajakkurserstockholm.se\/sv\/wp-json\/wp\/v2\/types\/page"}],"author":[{"embeddable":true,"href":"https:\/\/kajakkurserstockholm.se\/sv\/wp-json\/wp\/v2\/users\/1"}],"replies":[{"embeddable":true,"href":"https:\/\/kajakkurserstockholm.se\/sv\/wp-json\/wp\/v2\/comments?post=40"}],"version-history":[{"count":0,"href":"https:\/\/kajakkurserstockholm.se\/sv\/wp-json\/wp\/v2\/pages\/40\/revisions"}],"wp:attachment":[{"href":"https:\/\/kajakkurserstockholm.se\/sv\/wp-json\/wp\/v2\/media?parent=40"}],"curies":[{"name":"wp","href":"https:\/\/api.w.org\/{rel}","templated":true}]}}