{"id":529,"date":"2021-05-05T23:14:36","date_gmt":"2021-05-05T21:14:36","guid":{"rendered":"https:\/\/kajakkurserstockholm.se\/?page_id=529"},"modified":"2021-05-05T23:14:36","modified_gmt":"2021-05-05T21:14:36","slug":"privata-kurser","status":"publish","type":"page","link":"https:\/\/kajakkurserstockholm.se\/sv\/privata-kurser\/","title":{"rendered":"Privata kurser"},"content":{"rendered":"\t\t<div data-elementor-type=\"wp-page\" data-elementor-id=\"529\" class=\"elementor elementor-529\">\n\t\t\t\t\t\t<section class=\"elementor-section elementor-top-section elementor-element elementor-element-3be3d50 elementor-section-boxed elementor-section-height-default elementor-section-height-default\" data-id=\"3be3d50\" data-element_type=\"section\" data-e-type=\"section\">\n\t\t\t\t\t\t<div class=\"elementor-container elementor-column-gap-default\">\n\t\t\t\t\t<div class=\"elementor-column elementor-col-100 elementor-top-column elementor-element elementor-element-3bf869e\" data-id=\"3bf869e\" data-element_type=\"column\" data-e-type=\"column\">\n\t\t\t<div class=\"elementor-widget-wrap elementor-element-populated\">\n\t\t\t\t\t\t<div class=\"elementor-element elementor-element-e584770 elementor-widget elementor-widget-image\" data-id=\"e584770\" data-element_type=\"widget\" data-e-type=\"widget\" data-widget_type=\"image.default\">\n\t\t\t\t<div class=\"elementor-widget-container\">\n\t\t\t\t\t\t\t\t\t\t\t\t\t\t\t<img fetchpriority=\"high\" decoding=\"async\" width=\"512\" height=\"512\" src=\"https:\/\/kajakkurserstockholm.se\/wp-content\/uploads\/2020\/06\/color-pack.png\" class=\"attachment-large size-large wp-image-997\" alt=\"\" srcset=\"https:\/\/kajakkurserstockholm.se\/wp-content\/uploads\/2020\/06\/color-pack.png 512w, https:\/\/kajakkurserstockholm.se\/wp-content\/uploads\/2020\/06\/color-pack-300x300.png 300w, https:\/\/kajakkurserstockholm.se\/wp-content\/uploads\/2020\/06\/color-pack-150x150.png 150w\" sizes=\"(max-width: 512px) 100vw, 512px\" \/>\t\t\t\t\t\t\t\t\t\t\t\t\t\t\t<\/div>\n\t\t\t\t<\/div>\n\t\t\t\t\t<\/div>\n\t\t<\/div>\n\t\t\t\t\t<\/div>\n\t\t<\/section>\n\t\t\t\t<section class=\"elementor-section elementor-top-section elementor-element elementor-element-5c1ea8d6 elementor-section-boxed elementor-section-height-default elementor-section-height-default\" data-id=\"5c1ea8d6\" data-element_type=\"section\" data-e-type=\"section\">\n\t\t\t\t\t\t<div class=\"elementor-container elementor-column-gap-default\">\n\t\t\t\t\t<div class=\"elementor-column elementor-col-100 elementor-top-column elementor-element elementor-element-406bb0f8\" data-id=\"406bb0f8\" data-element_type=\"column\" data-e-type=\"column\">\n\t\t\t<div class=\"elementor-widget-wrap elementor-element-populated\">\n\t\t\t\t\t\t<div class=\"elementor-element elementor-element-1e95baab elementor-widget elementor-widget-text-editor\" data-id=\"1e95baab\" data-element_type=\"widget\" data-e-type=\"widget\" data-widget_type=\"text-editor.default\">\n\t\t\t\t<div class=\"elementor-widget-container\">\n\t\t\t\t\t\t\t\t\t<p><\/p>\n<p><strong>F\u00f6redrar ni en privat kurs? Har ni k\u00f6pt skeddakajak och vill utveckla er f\u00f6rm\u00e5ga att hantera den?<\/strong> <strong>Eller vill ni helt enkelt paddla d\u00e4r ni har er egna kajak?<\/strong><\/p>\n<p><\/p>\n<p>D\u00e5 kan en privat kurs vara en bra l\u00f6sning. Ni m\u00f6ter upp instrukt\u00f6ren d\u00e4r det passar er, har ni inte egna kajaker kan vi m\u00f6tas upp vid en uthyrning. F\u00f6r kurser utanf\u00f6r storstockholmsomr\u00e5det tillkommer framk\u00f6rningsavgift.<\/p>\n<p><\/p>\n<div class=\"wp-block-columns is-layout-flex wp-container-core-columns-is-layout-2 wp-block-columns-is-layout-flex\">\n<p><\/p>\n<div class=\"wp-block-column is-layout-flow wp-block-column-is-layout-flow\" style=\"flex-basis: 100%;\">\n<p><\/p>\n<figure class=\"wp-block-table\">\n<table>\n<tbody>\n<tr>\n<td><strong>Antal deltagare<\/strong><\/td>\n<td class=\"has-text-align-left\" data-align=\"left\"><strong><strong>Pris <\/strong>(inkl moms, exkl utrustning)<\/strong><\/td>\n<\/tr>\n<tr>\n<td>1<\/td>\n<td class=\"has-text-align-left\" data-align=\"left\">2390 kr<\/td>\n<\/tr>\n<tr>\n<td>2<\/td>\n<td class=\"has-text-align-left\" data-align=\"left\">2390 kr<\/td>\n<\/tr>\n<tr>\n<td>3<\/td>\n<td class=\"has-text-align-left\" data-align=\"left\">2690 kr<\/td>\n<\/tr>\n<tr>\n<td>4<\/td>\n<td class=\"has-text-align-left\" data-align=\"left\">2990 kr<\/td>\n<\/tr>\n<tr>\n<td>5<\/td>\n<td class=\"has-text-align-left\" data-align=\"left\">3290 kr<\/td>\n<\/tr>\n<tr>\n<td>6<\/td>\n<td class=\"has-text-align-left\" data-align=\"left\">3590 kr<\/td>\n<\/tr>\n<\/tbody>\n<\/table>\n<\/figure>\n<p><\/p>\n<\/div>\n<p><\/p>\n<\/div>\n<p><\/p>\n<p>Priserna g\u00e4ller 3h kurs med en instrukt\u00f6r inkl. genomg\u00e5ng av utrustning p\u00e5 land. Andra uppl\u00e4gg m\u00f6jliga inkl. f\u00f6retagsevent.\u00a0<\/p>\n<p>\u00a0<\/p>\n<p><\/p>\n<h4 class=\"wp-block-heading\"><strong><a href=\"https:\/\/kajakkurserstockholm.se\/kontakt\/\" target=\"_blank\" rel=\"noreferrer noopener\">Kontakta oss f\u00f6r bokningar.<\/a><\/strong><\/h4>\n<p><\/p>\n<p><a href=\"https:\/\/kajakkurserstockholm.se\/allmanna-villkor\/\" target=\"_blank\" rel=\"noreferrer noopener\">Allm\u00e4nna bokningsvillkor<\/a> g\u00e4ller.<\/p>\n<p><\/p>\t\t\t\t\t\t\t\t<\/div>\n\t\t\t\t<\/div>\n\t\t\t\t\t<\/div>\n\t\t<\/div>\n\t\t\t\t\t<\/div>\n\t\t<\/section>\n\t\t\t\t<\/div>\n\t\t","protected":false},"excerpt":{"rendered":"<p>F\u00f6redrar ni en privat kurs? Har ni k\u00f6pt skeddakajak och vill utveckla er f\u00f6rm\u00e5ga att hantera den? Eller vill ni [&hellip;]<\/p>\n","protected":false},"author":1,"featured_media":0,"parent":0,"menu_order":0,"comment_status":"closed","ping_status":"closed","template":"","meta":{"site-sidebar-layout":"default","site-content-layout":"default","ast-site-content-layout":"default","site-content-style":"default","site-sidebar-style":"default","ast-global-header-display":"","ast-banner-title-visibility":"","ast-main-header-display":"","ast-hfb-above-header-display":"","ast-hfb-below-header-display":"","ast-hfb-mobile-header-display":"","site-post-title":"","ast-breadcrumbs-content":"","ast-featured-img":"","footer-sml-layout":"","ast-disable-related-posts":"","theme-transparent-header-meta":"default","adv-header-id-meta":"","stick-header-meta":"","header-above-stick-meta":"","header-main-stick-meta":"","header-below-stick-meta":"","astra-migrate-meta-layouts":"default","ast-page-background-enabled":"default","ast-page-background-meta":{"desktop":{"background-color":"var(--ast-global-color-5)","background-image":"","background-repeat":"repeat","background-position":"center center","background-size":"auto","background-attachment":"scroll","background-type":"","background-media":"","overlay-type":"","overlay-color":"","overlay-opacity":"","overlay-gradient":""},"tablet":{"background-color":"","background-image":"","background-repeat":"repeat","background-position":"center center","background-size":"auto","background-attachment":"scroll","background-type":"","background-media":"","overlay-type":"","overlay-color":"","overlay-opacity":"","overlay-gradient":""},"mobile":{"background-color":"","background-image":"","background-repeat":"repeat","background-position":"center center","background-size":"auto","background-attachment":"scroll","background-type":"","background-media":"","overlay-type":"","overlay-color":"","overlay-opacity":"","overlay-gradient":""}},"ast-content-background-meta":{"desktop":{"background-color":"var(--ast-global-color-4)","background-image":"","background-repeat":"repeat","background-position":"center center","background-size":"auto","background-attachment":"scroll","background-type":"","background-media":"","overlay-type":"","overlay-color":"","overlay-opacity":"","overlay-gradient":""},"tablet":{"background-color":"var(--ast-global-color-4)","background-image":"","background-repeat":"repeat","background-position":"center center","background-size":"auto","background-attachment":"scroll","background-type":"","background-media":"","overlay-type":"","overlay-color":"","overlay-opacity":"","overlay-gradient":""},"mobile":{"background-color":"var(--ast-global-color-4)","background-image":"","background-repeat":"repeat","background-position":"center center","background-size":"auto","background-attachment":"scroll","background-type":"","background-media":"","overlay-type":"","overlay-color":"","overlay-opacity":"","overlay-gradient":""}},"footnotes":""},"class_list":["post-529","page","type-page","status-publish","hentry"],"_links":{"self":[{"href":"https:\/\/kajakkurserstockholm.se\/sv\/wp-json\/wp\/v2\/pages\/529","targetHints":{"allow":["GET"]}}],"collection":[{"href":"https:\/\/kajakkurserstockholm.se\/sv\/wp-json\/wp\/v2\/pages"}],"about":[{"href":"https:\/\/kajakkurserstockholm.se\/sv\/wp-json\/wp\/v2\/types\/page"}],"author":[{"embeddable":true,"href":"https:\/\/kajakkurserstockholm.se\/sv\/wp-json\/wp\/v2\/users\/1"}],"replies":[{"embeddable":true,"href":"https:\/\/kajakkurserstockholm.se\/sv\/wp-json\/wp\/v2\/comments?post=529"}],"version-history":[{"count":0,"href":"https:\/\/kajakkurserstockholm.se\/sv\/wp-json\/wp\/v2\/pages\/529\/revisions"}],"wp:attachment":[{"href":"https:\/\/kajakkurserstockholm.se\/sv\/wp-json\/wp\/v2\/media?parent=529"}],"curies":[{"name":"wp","href":"https:\/\/api.w.org\/{rel}","templated":true}]}}